{"id":463,"date":"2021-10-15T23:28:09","date_gmt":"2021-10-15T23:28:09","guid":{"rendered":"https:\/\/doliviahomes.pt\/?page_id=463"},"modified":"2021-11-03T12:55:25","modified_gmt":"2021-11-03T12:55:25","slug":"politica-de-cookies","status":"publish","type":"page","link":"https:\/\/doliviahomes.pt\/de\/politica-de-cookies\/","title":{"rendered":"Cookie-Richtlinie"},"content":{"rendered":"\t\t<div data-elementor-type=\"wp-page\" data-elementor-id=\"463\" class=\"elementor elementor-463\">\n\t\t\t\t\t\t<section class=\"elementor-section elementor-top-section elementor-element elementor-element-997d9c7 elementor-section-height-min-height elementor-section-items-stretch elementor-section-content-top elementor-section-full_width elementor-section-height-default\" data-id=\"997d9c7\" data-element_type=\"section\" data-e-type=\"section\" data-settings=\"{&quot;background_background&quot;:&quot;classic&quot;}\">\n\t\t\t\t\t\t<div class=\"elementor-container elementor-column-gap-no\">\n\t\t\t\t\t<div class=\"elementor-column elementor-col-100 elementor-top-column elementor-element elementor-element-ccdf10e\" data-id=\"ccdf10e\" data-element_type=\"column\" data-e-type=\"column\">\n\t\t\t<div class=\"elementor-widget-wrap elementor-element-populated\">\n\t\t\t\t\t\t<section class=\"elementor-section elementor-inner-section elementor-element elementor-element-6d7eb27 elementor-section-boxed elementor-section-height-default elementor-section-height-default\" data-id=\"6d7eb27\" data-element_type=\"section\" data-e-type=\"section\">\n\t\t\t\t\t\t<div class=\"elementor-container elementor-column-gap-no\">\n\t\t\t\t\t<div class=\"elementor-column elementor-col-100 elementor-inner-column elementor-element elementor-element-c911e6d\" data-id=\"c911e6d\" data-element_type=\"column\" data-e-type=\"column\">\n\t\t\t<div class=\"elementor-widget-wrap elementor-element-populated\">\n\t\t\t\t\t\t<div class=\"elementor-element elementor-element-7be753b elementor-widget elementor-widget-spacer\" data-id=\"7be753b\" data-element_type=\"widget\" data-e-type=\"widget\" data-widget_type=\"spacer.default\">\n\t\t\t\t<div class=\"elementor-widget-container\">\n\t\t\t\t\t\t\t<div class=\"elementor-spacer\">\n\t\t\t<div class=\"elementor-spacer-inner\"><\/div>\n\t\t<\/div>\n\t\t\t\t\t\t<\/div>\n\t\t\t\t<\/div>\n\t\t\t\t<div class=\"elementor-element elementor-element-3c79051 elementor-invisible elementor-widget elementor-widget-heading\" data-id=\"3c79051\" data-element_type=\"widget\" data-e-type=\"widget\" data-settings=\"{&quot;_animation&quot;:&quot;fadeIn&quot;}\" data-widget_type=\"heading.default\">\n\t\t\t\t<div class=\"elementor-widget-container\">\n\t\t\t\t\t<h1 class=\"elementor-heading-title elementor-size-default\">Pol\u00edtica de<br>\nCookies<\/h1>\t\t\t\t<\/div>\n\t\t\t\t<\/div>\n\t\t\t\t<div class=\"elementor-element elementor-element-e45cf14 elementor-widget-divider--view-line elementor-invisible elementor-widget elementor-widget-divider\" data-id=\"e45cf14\" data-element_type=\"widget\" data-e-type=\"widget\" data-settings=\"{&quot;_animation&quot;:&quot;fadeIn&quot;,&quot;_animation_delay&quot;:&quot;200&quot;}\" data-widget_type=\"divider.default\">\n\t\t\t\t<div class=\"elementor-widget-container\">\n\t\t\t\t\t\t\t<div class=\"elementor-divider\">\n\t\t\t<span class=\"elementor-divider-separator\">\n\t\t\t\t\t\t<\/span>\n\t\t<\/div>\n\t\t\t\t\t\t<\/div>\n\t\t\t\t<\/div>\n\t\t\t\t<div class=\"elementor-element elementor-element-4561f73 elementor-widget elementor-widget-text-editor\" data-id=\"4561f73\" data-element_type=\"widget\" data-e-type=\"widget\" data-widget_type=\"text-editor.default\">\n\t\t\t\t<div class=\"elementor-widget-container\">\n\t\t\t\t\t\t\t\t\t<p>Diese Cookie-Richtlinie erkl\u00e4rt, was Cookies sind und wie sie verwendet werden. Sie sollten diese Richtlinie lesen, um zu verstehen, was Cookies sind, wie sie verwendet werden, welche Arten von Cookies verwendet werden, dh welche Informationen mithilfe von Cookies erfasst werden und wie diese Informationen verwendet werden und wie Sie die Cookie-Einstellungen steuern k\u00f6nnen. Weitere Informationen zu deren Verwendung, Speicherung und Schutz Ihrer personenbezogenen Daten finden Sie in unserem\u00a0<a href=\"https:\/\/doliviahomes.pt\/en\/politica-de-privacidade\/\" target=\"_blank\" rel=\"noopener\">Datenschutz-Bestimmungen<\/a>.<\/p><p>Sie k\u00f6nnen Ihre Zustimmung zur Cookie-Erkl\u00e4rung jederzeit auf unserer Website \u00e4ndern oder widerrufen.<\/p><p>Erfahren Sie mehr dar\u00fcber, wer wir sind, wie Sie uns kontaktieren k\u00f6nnen und wie wir personenbezogene Daten in unserem <a href=\"https:\/\/doliviahomes.pt\/de\/politica-de-privacidade\/\" target=\"_blank\" rel=\"noopener\">Datenschutz-Bestimmungen<\/a>.<\/p><p>Ihre Einwilligung gilt f\u00fcr die folgende Domain:\u00a0<a href=\"https:\/\/doliviahomes.pt\" target=\"_blank\" rel=\"noopener\">doliviahomes.pt<\/a><\/p><div class=\"cli_user_consent_state\">Dein aktueller Status: Keine Einwilligung erteilt. <a class=\"cli_manage_current_consent\" style=\"cursor:pointer;text-decoration:underline;\">Verwalte deine Einwilligung<\/a> <\/div><p>\u00a0<\/p><p><b>WAS SIND COOKIES?<\/b><\/p><p>Cookies sind kleine Textdateien, die zum Speichern kleiner Informationen verwendet werden. Beim Laden der Website in Ihren Browser werden Cookies auf Ihrem Ger\u00e4t gespeichert. Diese Cookies helfen uns, die Website ordnungsgem\u00e4\u00df zu gestalten, die Website sicherer zu machen, eine bessere Benutzererfahrung zu bieten, zu verstehen, wie die Website funktioniert und zu analysieren, was funktioniert und wo Verbesserungsbedarf besteht.<\/p><p><b>WIE VERWENDEN WIR COOKIES?<\/b><\/p><p>Wie die meisten Online-Dienste verwendet unsere Website f\u00fcr verschiedene Zwecke Erstanbieter- und Drittanbieter-Cookies. Erstanbieter-Cookies sind in erster Linie f\u00fcr die ordnungsgem\u00e4\u00dfe Funktion der Website erforderlich und erfassen keine personenbezogenen Daten.<\/p><p>Auf unseren Websites verwendete Cookies von Drittanbietern werden in erster Linie verwendet, um die Leistung der Website zu verstehen, wie der Benutzer mit der Website interagiert, unsere Dienste sicher h\u00e4lt, relevante Werbung f\u00fcr den Benutzer im Allgemeinen bereitstellt, eine bessere und verbesserte Benutzererfahrung bietet und hilft, zuk\u00fcnftige Interaktionen mit unserer Website zu beschleunigen.<\/p><p><b>WELCHE ARTEN VON COOKIES VERWENDEN WIR?<\/b><\/p><p><b>Wesentliches:<\/b> Einige Cookies sind unerl\u00e4sslich, damit der Benutzer alle Funktionen unserer Website nutzen kann. Dadurch k\u00f6nnen Sie Benutzersitzungen aufrechterhalten und Sicherheitsbedrohungen vermeiden. Diese erfassen oder speichern keine personenbezogenen Daten.<\/p><p><b>Statistiken:<\/b> Diese Cookies speichern Informationen wie die Anzahl der Website-Besucher, die Anzahl der einzelnen Besucher, welche Website-Seiten besucht wurden, die Quelle des Besuchs usw. Diese Daten helfen uns, die Leistung der Website zu verstehen und zu analysieren und wo wir uns verbessern k\u00f6nnen.<\/p><p><b>Funktional:<\/b> Dies sind Cookies, die bestimmte nicht wesentliche Funktionen unserer Website unterst\u00fctzen. Zu diesen Funktionen geh\u00f6ren das Einbetten von Inhalten wie Videos oder das Teilen von Inhalten auf der Website.<\/p><p><b>Pr\u00e4ferenzen:<\/b> Diese Cookies helfen uns, Ihre Browsereinstellungen und -pr\u00e4ferenzen, wie z. B. Spracheinstellungen, zu speichern, damit Sie bei zuk\u00fcnftigen Besuchen der Website ein besseres und effizienteres Erlebnis haben.<\/p><p>In der folgenden Liste sind die auf unserer Website verwendeten Cookies aufgef\u00fchrt.<\/p><table class=\"cookielawinfo-row-cat-table cookielawinfo-classic\"><thead><tr><th class=\"cookielawinfo-column-1\">Cookie<\/th><th class=\"cookielawinfo-column-4\">Beschreibung<\/th><\/tr><\/thead><tbody><tr class=\"cookielawinfo-row\"><td class=\"cookielawinfo-column-1\">cookielawinfo-checkbox-analytics<\/td><td class=\"cookielawinfo-column-4\">This cookie is set by GDPR Cookie Consent plugin. The cookie is used to store the user consent for the cookies in the category &#8222;Analytics&#8220;.<\/td><\/tr><tr class=\"cookielawinfo-row\"><td class=\"cookielawinfo-column-1\">cookielawinfo-checkbox-functional<\/td><td class=\"cookielawinfo-column-4\">The cookie is set by GDPR cookie consent to record the user consent for the cookies in the category &#8222;Functional&#8220;.<\/td><\/tr><tr class=\"cookielawinfo-row\"><td class=\"cookielawinfo-column-1\">cookielawinfo-checkbox-necessary<\/td><td class=\"cookielawinfo-column-4\">This cookie is set by GDPR Cookie Consent plugin. The cookies is used to store the user consent for the cookies in the category &#8222;Necessary&#8220;.<\/td><\/tr><tr class=\"cookielawinfo-row\"><td class=\"cookielawinfo-column-1\">cookielawinfo-checkbox-others<\/td><td class=\"cookielawinfo-column-4\">This cookie is set by GDPR Cookie Consent plugin. The cookie is used to store the user consent for the cookies in the category &#8222;Other.<\/td><\/tr><tr class=\"cookielawinfo-row\"><td class=\"cookielawinfo-column-1\">cookielawinfo-checkbox-performance<\/td><td class=\"cookielawinfo-column-4\">This cookie is set by GDPR Cookie Consent plugin. The cookie is used to store the user consent for the cookies in the category &#8222;Performance&#8220;.<\/td><\/tr><tr class=\"cookielawinfo-row\"><td class=\"cookielawinfo-column-1\">viewed_cookie_policy<\/td><td class=\"cookielawinfo-column-4\">The cookie is set by the GDPR Cookie Consent plugin and is used to store whether or not user has consented to the use of cookies. It does not store any personal data.<\/td><\/tr><\/tbody><\/table><p><b>WIE KANN ICH DIE COOKIE-PR\u00c4FERENZEN KONTROLLIEREN?<\/b><\/p><p>Wenn Sie Ihre Einstellungen sp\u00e4ter in der Browsersitzung \u00e4ndern m\u00f6chten, klicken Sie auf dem Bildschirm auf die Registerkarte \u201eCookies\u201c. Der Einwilligungshinweis wird erneut ge\u00f6ffnet, sodass Sie Ihre Einstellungen \u00e4ndern oder Ihre Einwilligung vollst\u00e4ndig widerrufen k\u00f6nnen.<\/p><p>Verschiedene Browser bieten unterschiedliche Methoden zum Blockieren und L\u00f6schen von Cookies, die von Websites verwendet werden. Sie k\u00f6nnen Ihre Browsereinstellungen \u00e4ndern, um Cookies zu blockieren \/ zu l\u00f6schen. Um mehr \u00fcber das Verwalten und L\u00f6schen von Cookies zu erfahren, besuchen Sie\u00a0<a href=\"https:\/\/en.wikipedia.org\/wiki\/HTTP_cookie\" target=\"_blank\" rel=\"noopener\">wikipedia.org<\/a>,\u00a0<a href=\"https:\/\/www.allaboutcookies.org\/\" target=\"_blank\" rel=\"noopener\">www.allaboutcookies.org<\/a>.<\/p>\t\t\t\t\t\t\t\t<\/div>\n\t\t\t\t<\/div>\n\t\t\t\t\t<\/div>\n\t\t<\/div>\n\t\t\t\t\t<\/div>\n\t\t<\/section>\n\t\t\t\t\t<\/div>\n\t\t<\/div>\n\t\t\t\t\t<\/div>\n\t\t<\/section>\n\t\t\t\t<\/div>\n\t\t","protected":false},"excerpt":{"rendered":"<p>Pol\u00edtica de Cookies Esta Pol\u00edtica de Cookies explica o que s\u00e3o cookies e como s\u00e3o usados. Deve de ler esta pol\u00edtica para entender o que s\u00e3o cookies, como s\u00e3o usados, os tipos de cookies que s\u00e3o usados, ou seja, as informa\u00e7\u00f5es que s\u00e3o capturadas usando cookies e como essas informa\u00e7\u00f5es s\u00e3o usadas e como controlar [&hellip;]<\/p>\n","protected":false},"author":1,"featured_media":0,"parent":0,"menu_order":0,"comment_status":"closed","ping_status":"closed","template":"elementor_header_footer","meta":{"footnotes":""},"class_list":["post-463","page","type-page","status-publish","hentry"],"_links":{"self":[{"href":"https:\/\/doliviahomes.pt\/de\/wp-json\/wp\/v2\/pages\/463","targetHints":{"allow":["GET"]}}],"collection":[{"href":"https:\/\/doliviahomes.pt\/de\/wp-json\/wp\/v2\/pages"}],"about":[{"href":"https:\/\/doliviahomes.pt\/de\/wp-json\/wp\/v2\/types\/page"}],"author":[{"embeddable":true,"href":"https:\/\/doliviahomes.pt\/de\/wp-json\/wp\/v2\/users\/1"}],"replies":[{"embeddable":true,"href":"https:\/\/doliviahomes.pt\/de\/wp-json\/wp\/v2\/comments?post=463"}],"version-history":[{"count":73,"href":"https:\/\/doliviahomes.pt\/de\/wp-json\/wp\/v2\/pages\/463\/revisions"}],"predecessor-version":[{"id":1491,"href":"https:\/\/doliviahomes.pt\/de\/wp-json\/wp\/v2\/pages\/463\/revisions\/1491"}],"wp:attachment":[{"href":"https:\/\/doliviahomes.pt\/de\/wp-json\/wp\/v2\/media?parent=463"}],"curies":[{"name":"wp","href":"https:\/\/api.w.org\/{rel}","templated":true}]}}