{"id":999,"date":"2021-10-27T17:21:31","date_gmt":"2021-10-27T17:21:31","guid":{"rendered":"https:\/\/doliviahomes.pt\/?page_id=999"},"modified":"2023-03-02T15:24:52","modified_gmt":"2023-03-02T15:24:52","slug":"noticias","status":"publish","type":"page","link":"https:\/\/doliviahomes.pt\/de\/noticias\/","title":{"rendered":"Nachrichten"},"content":{"rendered":"\t\t<div data-elementor-type=\"wp-page\" data-elementor-id=\"999\" class=\"elementor elementor-999\">\n\t\t\t\t\t\t<section class=\"elementor-section elementor-top-section elementor-element elementor-element-87e7590 elementor-section-height-min-height elementor-section-items-stretch elementor-section-content-middle elementor-section-boxed elementor-section-height-default\" data-id=\"87e7590\" data-element_type=\"section\" data-e-type=\"section\" data-settings=\"{&quot;background_background&quot;:&quot;classic&quot;}\">\n\t\t\t\t\t\t<div class=\"elementor-container elementor-column-gap-no\">\n\t\t\t\t\t<div class=\"elementor-column elementor-col-100 elementor-top-column elementor-element elementor-element-5b5bd74\" data-id=\"5b5bd74\" data-element_type=\"column\" data-e-type=\"column\">\n\t\t\t<div class=\"elementor-widget-wrap elementor-element-populated\">\n\t\t\t\t\t\t<div class=\"elementor-element elementor-element-5b10030 elementor-invisible elementor-widget elementor-widget-heading\" data-id=\"5b10030\" data-element_type=\"widget\" data-e-type=\"widget\" data-settings=\"{&quot;_animation&quot;:&quot;fadeIn&quot;}\" data-widget_type=\"heading.default\">\n\t\t\t\t<div class=\"elementor-widget-container\">\n\t\t\t\t\t<h1 class=\"elementor-heading-title elementor-size-default\">News<\/h1>\t\t\t\t<\/div>\n\t\t\t\t<\/div>\n\t\t\t\t<div class=\"elementor-element elementor-element-bcf0197 elementor-widget-divider--view-line elementor-invisible elementor-widget elementor-widget-divider\" data-id=\"bcf0197\" data-element_type=\"widget\" data-e-type=\"widget\" data-settings=\"{&quot;_animation&quot;:&quot;fadeIn&quot;,&quot;_animation_delay&quot;:&quot;200&quot;}\" data-widget_type=\"divider.default\">\n\t\t\t\t<div class=\"elementor-widget-container\">\n\t\t\t\t\t\t\t<div class=\"elementor-divider\">\n\t\t\t<span class=\"elementor-divider-separator\">\n\t\t\t\t\t\t<\/span>\n\t\t<\/div>\n\t\t\t\t\t\t<\/div>\n\t\t\t\t<\/div>\n\t\t\t\t\t<\/div>\n\t\t<\/div>\n\t\t\t\t\t<\/div>\n\t\t<\/section>\n\t\t\t\t<section class=\"elementor-section elementor-top-section elementor-element elementor-element-b4b8c49 elementor-section-boxed elementor-section-height-default elementor-section-height-default\" data-id=\"b4b8c49\" data-element_type=\"section\" data-e-type=\"section\">\n\t\t\t\t\t\t<div class=\"elementor-container elementor-column-gap-default\">\n\t\t\t\t\t<div class=\"elementor-column elementor-col-100 elementor-top-column elementor-element elementor-element-d986568\" data-id=\"d986568\" data-element_type=\"column\" data-e-type=\"column\" data-settings=\"{&quot;background_background&quot;:&quot;slideshow&quot;,&quot;background_slideshow_gallery&quot;:[],&quot;background_slideshow_loop&quot;:&quot;yes&quot;,&quot;background_slideshow_slide_duration&quot;:5000,&quot;background_slideshow_slide_transition&quot;:&quot;fade&quot;,&quot;background_slideshow_transition_duration&quot;:500}\">\n\t\t\t<div class=\"elementor-widget-wrap elementor-element-populated\">\n\t\t\t\t\t\t<div class=\"elementor-element elementor-element-572121c elementor-widget elementor-widget-blfe-post-grid\" data-id=\"572121c\" data-element_type=\"widget\" data-e-type=\"widget\" data-settings=\"{&quot;columns&quot;:&quot;3&quot;,&quot;columns_tablet&quot;:&quot;6&quot;,&quot;columns_mobile&quot;:&quot;12&quot;,&quot;classic1_layout_column_gap&quot;:{&quot;unit&quot;:&quot;px&quot;,&quot;size&quot;:30,&quot;sizes&quot;:[]},&quot;classic1_layout_column_gap_tablet&quot;:{&quot;unit&quot;:&quot;px&quot;,&quot;size&quot;:&quot;&quot;,&quot;sizes&quot;:[]},&quot;classic1_layout_column_gap_mobile&quot;:{&quot;unit&quot;:&quot;px&quot;,&quot;size&quot;:&quot;&quot;,&quot;sizes&quot;:[]},&quot;classic1_layout_row_gap&quot;:{&quot;unit&quot;:&quot;px&quot;,&quot;size&quot;:30,&quot;sizes&quot;:[]},&quot;classic1_layout_row_gap_tablet&quot;:{&quot;unit&quot;:&quot;px&quot;,&quot;size&quot;:&quot;&quot;,&quot;sizes&quot;:[]},&quot;classic1_layout_row_gap_mobile&quot;:{&quot;unit&quot;:&quot;px&quot;,&quot;size&quot;:&quot;&quot;,&quot;sizes&quot;:[]}}\" data-widget_type=\"blfe-post-grid.classic1\">\n\t\t\t\t<div class=\"elementor-widget-container\">\n\t\t\t\t\t\n                        <div class=\"blfe-post-grid-container \">\n            \n                <div data-skin=\"classic1\" class=\"blfe-row blfe-posts-inner blfe-classic1 blfe-posts-inner blfe-col-3 blfe-col-tab-6 blfe-col-mob-12     \">\n                            <div class=\"blfe-post-grid-item \">\n            <div class=\"blfe-post-grid-item-inner blfe-modern-zoom\">\n                <a class=\"blfe-post-grid-image\" href=\"https:\/\/doliviahomes.pt\/de\/2022\/12\/01\/abertura-casa-abilio\/\" title=\"Er\u00f6ffnung Haus Abilio\" rel=\"nofollow\" target=\"_blank\"><img decoding=\"async\" src=\"https:\/\/doliviahomes.pt\/wp-content\/uploads\/2021\/11\/A.jpg\" alt=\"Er\u00f6ffnung Haus Abilio\"\/><\/a>                <span class=\"blfe-post-category\"><a href=\"https:\/\/doliviahomes.pt\/de\/category\/sem-categoria\/\">Unkategorisiert<\/a><\/span>                <div class=\"blfe-post-grid-details\">\n                    <div class=\"blfe-post-grid-details-inner\">\n                        <h3 class=\"blfe-post-grid-title\">\n            <a href=\"https:\/\/doliviahomes.pt\/de\/2022\/12\/01\/abertura-casa-abilio\/\" title=\"Er\u00f6ffnung Haus Abilio\" rel=\"nofollow\" target=\"_blank\">Er\u00f6ffnung Haus Abilio<\/a>\n            <\/h3>                        <p class=\"blfe-post-grid-excerpt\">O primeiro trimestre de 2022 vai trazer novidades! Iremos abrir a casa Ab\u00edlio que ser\u00e1 uma unidade onde impera o...<\/p>                                    <div class=\"blfe-post-grid-meta\">\n                <span class=\"blfe-post-grid-author\"><i class=\"fa fa-user far fa-user\"><\/i>by <a href=\"https:\/\/doliviahomes.pt\/de\/author\/geraltechsolum-pt\/\">geral@techsolum.pt<\/a><\/span><span class=\"blfe-post-grid-date\"><i class=\"fa fa-calendar-alt far fa-calendar-alt\"><\/i>1 de Dezember, 2022<\/span>            <\/div>\n                                                        <\/div>\n                <\/div>\n\n            <\/div>\n        <\/div>\n                <div class=\"blfe-post-grid-item \">\n            <div class=\"blfe-post-grid-item-inner blfe-modern-zoom\">\n                <a class=\"blfe-post-grid-image\" href=\"https:\/\/doliviahomes.pt\/de\/2022\/12\/14\/noticia-de-teste\/\" title=\"&quot;Clean &amp; Safe&quot;-Siegel\" rel=\"nofollow\" target=\"_blank\"><img decoding=\"async\" src=\"https:\/\/doliviahomes.pt\/wp-content\/uploads\/2021\/10\/Selo.webp\" alt=\"&quot;Clean &amp; Safe&quot;-Siegel\"\/><\/a>                <span class=\"blfe-post-category\"><a href=\"https:\/\/doliviahomes.pt\/de\/category\/sem-categoria\/\">Unkategorisiert<\/a><\/span>                <div class=\"blfe-post-grid-details\">\n                    <div class=\"blfe-post-grid-details-inner\">\n                        <h3 class=\"blfe-post-grid-title\">\n            <a href=\"https:\/\/doliviahomes.pt\/de\/2022\/12\/14\/noticia-de-teste\/\" title=\"&quot;Clean &amp; Safe&quot;-Siegel\" rel=\"nofollow\" target=\"_blank\">&quot;Clean &amp; Safe&quot;-Siegel<\/a>\n            <\/h3>                        <p class=\"blfe-post-grid-excerpt\">Apesar da pandemia provocada pela Covid-19 parecer querer dar tr\u00e9guas, no quintal d\u2019Ol\u00edvia n\u00e3o queremos facilitar. Renov\u00e1mos o nosso selo...<\/p>                                    <div class=\"blfe-post-grid-meta\">\n                <span class=\"blfe-post-grid-author\"><i class=\"fa fa-user far fa-user\"><\/i>by <a href=\"https:\/\/doliviahomes.pt\/de\/author\/geraltechsolum-pt\/\">geral@techsolum.pt<\/a><\/span><span class=\"blfe-post-grid-date\"><i class=\"fa fa-calendar-alt far fa-calendar-alt\"><\/i>14 de Dezember, 2022<\/span>            <\/div>\n                                                        <\/div>\n                <\/div>\n\n            <\/div>\n        <\/div>\n                        <\/div>\n\n                        <\/div>\n            \n                        <div class=\"blfe-post-footer\">\n                        <\/div>\n            \t\t\t\t<\/div>\n\t\t\t\t<\/div>\n\t\t\t\t\t<\/div>\n\t\t<\/div>\n\t\t\t\t\t<\/div>\n\t\t<\/section>\n\t\t\t\t<\/div>\n\t\t","protected":false},"excerpt":{"rendered":"<p>Obwohl die durch Covid-19 verursachte Pandemie anscheinend einen Waffenstillstand geben will, wollen wir es uns in Olivias Hinterhof nicht leicht machen. Wir haben unser Clean &amp; Safe-Siegel erneuert und halten uns an unser Hygiene- und Desinfektionsprotokoll, das Sie hier einsehen k\u00f6nnen. &nbsp;<\/p>\n","protected":false},"author":1,"featured_media":0,"parent":0,"menu_order":0,"comment_status":"closed","ping_status":"closed","template":"elementor_header_footer","meta":{"footnotes":""},"class_list":["post-999","page","type-page","status-publish","hentry"],"_links":{"self":[{"href":"https:\/\/doliviahomes.pt\/de\/wp-json\/wp\/v2\/pages\/999","targetHints":{"allow":["GET"]}}],"collection":[{"href":"https:\/\/doliviahomes.pt\/de\/wp-json\/wp\/v2\/pages"}],"about":[{"href":"https:\/\/doliviahomes.pt\/de\/wp-json\/wp\/v2\/types\/page"}],"author":[{"embeddable":true,"href":"https:\/\/doliviahomes.pt\/de\/wp-json\/wp\/v2\/users\/1"}],"replies":[{"embeddable":true,"href":"https:\/\/doliviahomes.pt\/de\/wp-json\/wp\/v2\/comments?post=999"}],"version-history":[{"count":47,"href":"https:\/\/doliviahomes.pt\/de\/wp-json\/wp\/v2\/pages\/999\/revisions"}],"predecessor-version":[{"id":1963,"href":"https:\/\/doliviahomes.pt\/de\/wp-json\/wp\/v2\/pages\/999\/revisions\/1963"}],"wp:attachment":[{"href":"https:\/\/doliviahomes.pt\/de\/wp-json\/wp\/v2\/media?parent=999"}],"curies":[{"name":"wp","href":"https:\/\/api.w.org\/{rel}","templated":true}]}}