{"id":463,"date":"2021-10-15T23:28:09","date_gmt":"2021-10-15T23:28:09","guid":{"rendered":"https:\/\/doliviahomes.pt\/?page_id=463"},"modified":"2021-11-03T12:55:25","modified_gmt":"2021-11-03T12:55:25","slug":"politica-de-cookies","status":"publish","type":"page","link":"https:\/\/doliviahomes.pt\/fr\/politica-de-cookies\/","title":{"rendered":"Politique de cookies"},"content":{"rendered":"\t\t<div data-elementor-type=\"wp-page\" data-elementor-id=\"463\" class=\"elementor elementor-463\">\n\t\t\t\t\t\t<section class=\"elementor-section elementor-top-section elementor-element elementor-element-997d9c7 elementor-section-height-min-height elementor-section-items-stretch elementor-section-content-top elementor-section-full_width elementor-section-height-default\" data-id=\"997d9c7\" data-element_type=\"section\" data-e-type=\"section\" data-settings=\"{&quot;background_background&quot;:&quot;classic&quot;}\">\n\t\t\t\t\t\t<div class=\"elementor-container elementor-column-gap-no\">\n\t\t\t\t\t<div class=\"elementor-column elementor-col-100 elementor-top-column elementor-element elementor-element-ccdf10e\" data-id=\"ccdf10e\" data-element_type=\"column\" data-e-type=\"column\">\n\t\t\t<div class=\"elementor-widget-wrap elementor-element-populated\">\n\t\t\t\t\t\t<section class=\"elementor-section elementor-inner-section elementor-element elementor-element-6d7eb27 elementor-section-boxed elementor-section-height-default elementor-section-height-default\" data-id=\"6d7eb27\" data-element_type=\"section\" data-e-type=\"section\">\n\t\t\t\t\t\t<div class=\"elementor-container elementor-column-gap-no\">\n\t\t\t\t\t<div class=\"elementor-column elementor-col-100 elementor-inner-column elementor-element elementor-element-c911e6d\" data-id=\"c911e6d\" data-element_type=\"column\" data-e-type=\"column\">\n\t\t\t<div class=\"elementor-widget-wrap elementor-element-populated\">\n\t\t\t\t\t\t<div class=\"elementor-element elementor-element-7be753b elementor-widget elementor-widget-spacer\" data-id=\"7be753b\" data-element_type=\"widget\" data-e-type=\"widget\" data-widget_type=\"spacer.default\">\n\t\t\t\t<div class=\"elementor-widget-container\">\n\t\t\t\t\t\t\t<div class=\"elementor-spacer\">\n\t\t\t<div class=\"elementor-spacer-inner\"><\/div>\n\t\t<\/div>\n\t\t\t\t\t\t<\/div>\n\t\t\t\t<\/div>\n\t\t\t\t<div class=\"elementor-element elementor-element-3c79051 elementor-invisible elementor-widget elementor-widget-heading\" data-id=\"3c79051\" data-element_type=\"widget\" data-e-type=\"widget\" data-settings=\"{&quot;_animation&quot;:&quot;fadeIn&quot;}\" data-widget_type=\"heading.default\">\n\t\t\t\t<div class=\"elementor-widget-container\">\n\t\t\t\t\t<h1 class=\"elementor-heading-title elementor-size-default\">Pol\u00edtica de<br>\nCookies<\/h1>\t\t\t\t<\/div>\n\t\t\t\t<\/div>\n\t\t\t\t<div class=\"elementor-element elementor-element-e45cf14 elementor-widget-divider--view-line elementor-invisible elementor-widget elementor-widget-divider\" data-id=\"e45cf14\" data-element_type=\"widget\" data-e-type=\"widget\" data-settings=\"{&quot;_animation&quot;:&quot;fadeIn&quot;,&quot;_animation_delay&quot;:&quot;200&quot;}\" data-widget_type=\"divider.default\">\n\t\t\t\t<div class=\"elementor-widget-container\">\n\t\t\t\t\t\t\t<div class=\"elementor-divider\">\n\t\t\t<span class=\"elementor-divider-separator\">\n\t\t\t\t\t\t<\/span>\n\t\t<\/div>\n\t\t\t\t\t\t<\/div>\n\t\t\t\t<\/div>\n\t\t\t\t<div class=\"elementor-element elementor-element-4561f73 elementor-widget elementor-widget-text-editor\" data-id=\"4561f73\" data-element_type=\"widget\" data-e-type=\"widget\" data-widget_type=\"text-editor.default\">\n\t\t\t\t<div class=\"elementor-widget-container\">\n\t\t\t\t\t\t\t\t\t<p>Cette politique relative aux cookies explique ce que sont les cookies et comment ils sont utilis\u00e9s. Vous devez lire cette politique pour comprendre ce que sont les cookies, comment ils sont utilis\u00e9s, les types de cookies qui sont utilis\u00e9s, c&rsquo;est-\u00e0-dire quelles informations sont captur\u00e9es \u00e0 l&rsquo;aide des cookies et comment ces informations sont utilis\u00e9es et comment contr\u00f4ler les pr\u00e9f\u00e9rences des cookies. Pour plus d&rsquo;informations sur leur utilisation, leur stockage et la s\u00e9curit\u00e9 de vos donn\u00e9es personnelles, veuillez consulter notre\u00a0<a href=\"https:\/\/doliviahomes.pt\/fr\/politica-de-privacidade\/\" target=\"_blank\" rel=\"noopener\">Politique de confidentialit\u00e9<\/a>.<\/p><p>Vous pouvez \u00e0 tout moment modifier ou retirer votre consentement \u00e0 la d\u00e9claration relative aux cookies sur notre site Web.<\/p><p>En savoir plus sur qui nous sommes, comment vous pouvez nous contacter et comment nous traitons les donn\u00e9es personnelles dans notre <a href=\"https:\/\/doliviahomes.pt\/fr\/politica-de-privacidade\/\" target=\"_blank\" rel=\"noopener\">Politique de confidentialit\u00e9<\/a>.<\/p><p>Votre consentement s&rsquo;applique au domaine suivant\u00a0:\u00a0<a href=\"https:\/\/doliviahomes.pt\" target=\"_blank\" rel=\"noopener\">doliviahomes.pt<\/a><\/p><div class=\"cli_user_consent_state\">Votre \u00e9tat actuel\u00a0: Aucun consentement donn\u00e9. <a class=\"cli_manage_current_consent\" style=\"cursor:pointer;text-decoration:underline;\">G\u00e9rez votre consentement.<\/a> <\/div><p>\u00a0<\/p><p><b>QUE SONT LES COOKIES ?<\/b><\/p><p>Les cookies sont de petits fichiers texte utilis\u00e9s pour stocker de petites informations. Des cookies sont stock\u00e9s sur votre terminal lors du chargement du site Internet sur votre navigateur. Ces cookies nous aident \u00e0 faire fonctionner le site Web correctement, \u00e0 le rendre plus s\u00fbr, \u00e0 offrir une meilleure exp\u00e9rience utilisateur, \u00e0 comprendre le fonctionnement du site Web et \u00e0 analyser ce qui fonctionne et les points \u00e0 am\u00e9liorer.<\/p><p><b>COMMENT UTILISONS-NOUS LES COOKIES ?<\/b><\/p><p>Comme la plupart des services en ligne, notre site Web utilise des cookies propri\u00e9taires et tiers \u00e0 diverses fins. Les cookies internes sont principalement n\u00e9cessaires au bon fonctionnement du site Web et ne capturent aucune information personnellement identifiable.<\/p><p>Les cookies tiers utilis\u00e9s sur nos sites Web sont principalement utilis\u00e9s pour comprendre les performances du site Web, comment l&rsquo;utilisateur interagit avec le site Web, assure la s\u00e9curit\u00e9 de nos services, fournit des publicit\u00e9s pertinentes pour l&rsquo;utilisateur, en g\u00e9n\u00e9ral, offre une exp\u00e9rience utilisateur meilleure et am\u00e9lior\u00e9e et permet d&rsquo;acc\u00e9l\u00e9rer les interactions futures avec notre site Web.<\/p><p><b>QUELS TYPES DE COOKIES UTILISONS-NOUS ?<\/b><\/p><p><b>Essentiel:<\/b> certains cookies sont indispensables pour que l&rsquo;utilisateur puisse profiter de toutes les fonctionnalit\u00e9s de notre site Web. Ceux-ci vous permettent de maintenir les sessions utilisateur et d&rsquo;\u00e9viter les menaces de s\u00e9curit\u00e9. Ceux-ci ne capturent ni ne stockent aucune information personnelle.<\/p><p><b>Statistiques:<\/b> ces cookies stockent des informations telles que le nombre de visiteurs du site Web, le nombre de visiteurs uniques, les pages du site Web visit\u00e9es, la source de la visite, etc. Ces donn\u00e9es nous aident \u00e0 comprendre et \u00e0 analyser les performances du site Web et o\u00f9 nous pouvons nous am\u00e9liorer.<\/p><p><b>Fonctionnel:<\/b> ce sont des cookies qui aident certaines fonctionnalit\u00e9s non essentielles sur notre site Web. Ces fonctionnalit\u00e9s incluent l&rsquo;int\u00e9gration de contenu tel que des vid\u00e9os ou le partage de contenu sur le site Web.<\/p><p><b>Pr\u00e9f\u00e9rences\u00a0:<\/b> ces cookies nous aident \u00e0 stocker vos param\u00e8tres et pr\u00e9f\u00e9rences de navigation, tels que les pr\u00e9f\u00e9rences de langue, afin que vous ayez une exp\u00e9rience meilleure et plus efficace lors de vos futures visites sur le site Web.<\/p><p>La liste ci-dessous d\u00e9taille les cookies utilis\u00e9s sur notre site Web.<\/p><table class=\"cookielawinfo-row-cat-table cookielawinfo-classic\"><thead><tr><th class=\"cookielawinfo-column-1\">Cookie<\/th><th class=\"cookielawinfo-column-4\">Description<\/th><\/tr><\/thead><tbody><tr class=\"cookielawinfo-row\"><td class=\"cookielawinfo-column-1\">cookielawinfo-checkbox-analytics<\/td><td class=\"cookielawinfo-column-4\">This cookie is set by GDPR Cookie Consent plugin. The cookie is used to store the user consent for the cookies in the category \u00ab\u00a0Analytics\u00a0\u00bb.<\/td><\/tr><tr class=\"cookielawinfo-row\"><td class=\"cookielawinfo-column-1\">cookielawinfo-checkbox-functional<\/td><td class=\"cookielawinfo-column-4\">The cookie is set by GDPR cookie consent to record the user consent for the cookies in the category \u00ab\u00a0Functional\u00a0\u00bb.<\/td><\/tr><tr class=\"cookielawinfo-row\"><td class=\"cookielawinfo-column-1\">cookielawinfo-checkbox-necessary<\/td><td class=\"cookielawinfo-column-4\">This cookie is set by GDPR Cookie Consent plugin. The cookies is used to store the user consent for the cookies in the category \u00ab\u00a0Necessary\u00a0\u00bb.<\/td><\/tr><tr class=\"cookielawinfo-row\"><td class=\"cookielawinfo-column-1\">cookielawinfo-checkbox-others<\/td><td class=\"cookielawinfo-column-4\">This cookie is set by GDPR Cookie Consent plugin. The cookie is used to store the user consent for the cookies in the category \u00ab\u00a0Other.<\/td><\/tr><tr class=\"cookielawinfo-row\"><td class=\"cookielawinfo-column-1\">cookielawinfo-checkbox-performance<\/td><td class=\"cookielawinfo-column-4\">This cookie is set by GDPR Cookie Consent plugin. The cookie is used to store the user consent for the cookies in the category \u00ab\u00a0Performance\u00a0\u00bb.<\/td><\/tr><tr class=\"cookielawinfo-row\"><td class=\"cookielawinfo-column-1\">viewed_cookie_policy<\/td><td class=\"cookielawinfo-column-4\">The cookie is set by the GDPR Cookie Consent plugin and is used to store whether or not user has consented to the use of cookies. It does not store any personal data.<\/td><\/tr><\/tbody><\/table><p><b>COMMENT PUIS-JE CONTRLER LES PR\u00c9F\u00c9RENCES DES COOKIES\u00a0?<\/b><\/p><p>Si vous d\u00e9cidez de modifier vos pr\u00e9f\u00e9rences plus tard dans la session de navigation, cliquez sur l&rsquo;onglet \u00ab Cookies \u00bb \u00e0 l&rsquo;\u00e9cran. L&rsquo;avis de consentement s&rsquo;ouvrira \u00e0 nouveau, vous permettant de modifier vos pr\u00e9f\u00e9rences ou de retirer compl\u00e8tement votre consentement.<\/p><p>Diff\u00e9rents navigateurs proposent diff\u00e9rentes m\u00e9thodes pour bloquer et supprimer les cookies utilis\u00e9s par les sites Web. Vous pouvez modifier les param\u00e8tres de votre navigateur pour bloquer\/supprimer les cookies. Pour en savoir plus sur la gestion et la suppression des cookies, visitez\u00a0<a href=\"https:\/\/en.wikipedia.org\/wiki\/HTTP_cookie\" target=\"_blank\" rel=\"noopener\">wikipedia.org<\/a>,\u00a0<a href=\"https:\/\/www.allaboutcookies.org\/\" target=\"_blank\" rel=\"noopener\">www.allaboutcookies.org<\/a>.<\/p>\t\t\t\t\t\t\t\t<\/div>\n\t\t\t\t<\/div>\n\t\t\t\t\t<\/div>\n\t\t<\/div>\n\t\t\t\t\t<\/div>\n\t\t<\/section>\n\t\t\t\t\t<\/div>\n\t\t<\/div>\n\t\t\t\t\t<\/div>\n\t\t<\/section>\n\t\t\t\t<\/div>\n\t\t","protected":false},"excerpt":{"rendered":"<p>Pol\u00edtica de Cookies Esta Pol\u00edtica de Cookies explica o que s\u00e3o cookies e como s\u00e3o usados. Deve de ler esta pol\u00edtica para entender o que s\u00e3o cookies, como s\u00e3o usados, os tipos de cookies que s\u00e3o usados, ou seja, as informa\u00e7\u00f5es que s\u00e3o capturadas usando cookies e como essas informa\u00e7\u00f5es s\u00e3o usadas e como controlar [&hellip;]<\/p>\n","protected":false},"author":1,"featured_media":0,"parent":0,"menu_order":0,"comment_status":"closed","ping_status":"closed","template":"elementor_header_footer","meta":{"footnotes":""},"class_list":["post-463","page","type-page","status-publish","hentry"],"_links":{"self":[{"href":"https:\/\/doliviahomes.pt\/fr\/wp-json\/wp\/v2\/pages\/463","targetHints":{"allow":["GET"]}}],"collection":[{"href":"https:\/\/doliviahomes.pt\/fr\/wp-json\/wp\/v2\/pages"}],"about":[{"href":"https:\/\/doliviahomes.pt\/fr\/wp-json\/wp\/v2\/types\/page"}],"author":[{"embeddable":true,"href":"https:\/\/doliviahomes.pt\/fr\/wp-json\/wp\/v2\/users\/1"}],"replies":[{"embeddable":true,"href":"https:\/\/doliviahomes.pt\/fr\/wp-json\/wp\/v2\/comments?post=463"}],"version-history":[{"count":73,"href":"https:\/\/doliviahomes.pt\/fr\/wp-json\/wp\/v2\/pages\/463\/revisions"}],"predecessor-version":[{"id":1491,"href":"https:\/\/doliviahomes.pt\/fr\/wp-json\/wp\/v2\/pages\/463\/revisions\/1491"}],"wp:attachment":[{"href":"https:\/\/doliviahomes.pt\/fr\/wp-json\/wp\/v2\/media?parent=463"}],"curies":[{"name":"wp","href":"https:\/\/api.w.org\/{rel}","templated":true}]}}